{"id":139,"date":"2011-05-15T18:07:14","date_gmt":"2011-05-15T16:07:14","guid":{"rendered":"http:\/\/www.muettergegenatomgefahr.at\/?page_id=139"},"modified":"2011-05-15T18:08:26","modified_gmt":"2011-05-15T16:08:26","slug":"das-bucherbord","status":"publish","type":"page","link":"https:\/\/www.muettergegenatomgefahr.at\/?page_id=139","title":{"rendered":"das b\u00fccherbord"},"content":{"rendered":"<p>Gelbes B\u00fccherbord<\/p>\n<p>1997 richteten wir eine Wanderbibliothek, das &#8222;Gelbe B\u00fccherbord&#8220;, ein. Werke zu folgenden Themenbereichen stehen darin zur Verf\u00fcgung:<\/p>\n<p>\u2022 Alternative Energieformen und nachhaltige Energiekonzepte<br \/>\n\u2022 Kernenergieerzeugung und ihre Gefahren<br \/>\n\u2022 Umweltproblematik im Umgang mit Rohstoffen<br \/>\n\u2022 Fragen der Ethik im Zusammenhang mit Umweltpolitik<\/p>\n<p>Das &#8222;Gelbe B\u00fccherbord&#8220; beinhaltet Sachb\u00fccher und Unterhaltungsliteratur<\/p>\n<p>Wir stehen in Kontakt mit Gemeinde-, Pfarr- und Schulb\u00fcchereien und stellen ihnen unsere Bibliothek f\u00fcr je drei bis vier Monate zur Verf\u00fcgung. Eine breite Bev\u00f6lkerungsschicht kann sich so informieren \u00fcber ein Thema, das in unserer Region durch die Inbetriebnahme des AKWs Temelin traurige Brisanz erlangt hat.<\/p>\n<p>Wir wollen durch unsere Initiative Bewusstseinsbildung leisten und erhoffen uns, die Bev\u00f6lkerung zum Aufbruch in Richtung erneuerbare Energie zu motivieren. Wir sind ganz einfach \u00fcberzeugt: Nichts geschieht, was nicht zuvor gedacht worden w\u00e4re. Diese Vorbereitungsarbeit in den K\u00f6pfen m\u00f6chten wir mit der Zur-Verf\u00fcgung-Stellung von guten B\u00fcchern erm\u00f6glichen.<\/p>\n<p>Sollten sie Anregungen f\u00fcr B\u00fccher haben, die in das B\u00fccherbord aufgenommen werden sollen, dann schicken Sie uns eine e-mail an: muettergA@aon.at<\/p>\n","protected":false},"excerpt":{"rendered":"<p>Gelbes B\u00fccherbord 1997 richteten wir eine Wanderbibliothek, das &#8222;Gelbe B\u00fccherbord&#8220;, ein. Werke zu folgenden Themenbereichen stehen darin zur Verf\u00fcgung: \u2022 Alternative Energieformen und nachhaltige Energiekonzepte \u2022 Kernenergieerzeugung und ihre Gefahren \u2022 Umweltproblematik im Umgang mit Rohstoffen \u2022 Fragen der Ethik &hellip; <a href=\"https:\/\/www.muettergegenatomgefahr.at\/?page_id=139\">Weiterlesen <span class=\"meta-nav\">&rarr;<\/span><\/a><\/p>\n","protected":false},"author":2,"featured_media":0,"parent":0,"menu_order":0,"comment_status":"open","ping_status":"open","template":"","meta":{"footnotes":""},"class_list":["post-139","page","type-page","status-publish","hentry"],"_links":{"self":[{"href":"https:\/\/www.muettergegenatomgefahr.at\/index.php?rest_route=\/wp\/v2\/pages\/139","targetHints":{"allow":["GET"]}}],"collection":[{"href":"https:\/\/www.muettergegenatomgefahr.at\/index.php?rest_route=\/wp\/v2\/pages"}],"about":[{"href":"https:\/\/www.muettergegenatomgefahr.at\/index.php?rest_route=\/wp\/v2\/types\/page"}],"author":[{"embeddable":true,"href":"https:\/\/www.muettergegenatomgefahr.at\/index.php?rest_route=\/wp\/v2\/users\/2"}],"replies":[{"embeddable":true,"href":"https:\/\/www.muettergegenatomgefahr.at\/index.php?rest_route=%2Fwp%2Fv2%2Fcomments&post=139"}],"version-history":[{"count":5,"href":"https:\/\/www.muettergegenatomgefahr.at\/index.php?rest_route=\/wp\/v2\/pages\/139\/revisions"}],"predecessor-version":[{"id":191,"href":"https:\/\/www.muettergegenatomgefahr.at\/index.php?rest_route=\/wp\/v2\/pages\/139\/revisions\/191"}],"wp:attachment":[{"href":"https:\/\/www.muettergegenatomgefahr.at\/index.php?rest_route=%2Fwp%2Fv2%2Fmedia&parent=139"}],"curies":[{"name":"wp","href":"https:\/\/api.w.org\/{rel}","templated":true}]}}