{"id":195,"date":"2011-05-15T19:39:55","date_gmt":"2011-05-15T17:39:55","guid":{"rendered":"http:\/\/www.muettergegenatomgefahr.at\/?page_id=195"},"modified":"2011-06-01T09:28:01","modified_gmt":"2011-06-01T07:28:01","slug":"kinder-und-jugendliteratur","status":"publish","type":"page","link":"https:\/\/www.muettergegenatomgefahr.at\/?page_id=195","title":{"rendered":"&#8211; ROMANE U. ERZ\u00c4HLUNGEN"},"content":{"rendered":"<p>1. BENZ, Doris: LebensWasser<br \/>\n2. BRUCKNER, Karl: Sadako will leben<br \/>\n3. DRUON, Maurice: Tistou mit den gr\u00fcnen Daumen<br \/>\n4. ENDE, Michael: Der satanarch\u00e4ol\u00fcgenialklh\u00f6llisch Wunschpunsch<br \/>\n5. GABEL, Wolfgang: Katastrophen\u00fcbung<br \/>\n7. HETMANN, Frederik \/ TONDERN, Harald: Die Rache der Raben<br \/>\n8. HEYNE, Isolde: Wenn die Nachtigall verstummt<br \/>\n9. KENNETH, Grahame: Der Wind in den Weiden<br \/>\n10. KNAPPE, Heinz: Bei Hamburg leichter Niederschlag<br \/>\n11. MITTERER, Felix: Superhenne Hanna<br \/>\n12. N\u00d6STLINGER, Christine: Luki \u2013live<br \/>\n13. N\u00d6STLINGER, Christine: Nagle den Pudding an die Wand<br \/>\n14. PAULS, Wolfgang: Jule und Steffen bei Greenpeace<br \/>\n15. PAUSEWANG, Gudrun: Die letzten Kinder von Schewenborn<br \/>\n16. PAUSEWANG, Gudrun: Es ist doch alles gr\u00fcn<br \/>\n17. SAUTTER, Metatron und Chistiane: Mira und der Kreidestrich<br \/>\n18. SCHERF, Dagmar: Vorsicht: Paradies<br \/>\n19. SCHWARZER, Udo: Oliver vom \u00d6kowerk<br \/>\n20. VINKE, Hermann (Hrsg.): Als die erste Atombombe fiel<br \/>\n21. WEGNER, Wolfgang \/ STEINKE, Evamaria: Boyboy und die Kanukinder<br \/>\n24. BECKMANN, Thea: Kinder der Mutter Erde<br \/>\n25. PARKKINEN, Jukka: Allstar<\/p>\n<p><em><strong>Klassenlekt\u00fcre<\/strong><\/em><br \/>\nHESSE, Karen: Phoenix Rising (21 B\u00fccher Nr. P 1 \u2013 P 21)<br \/>\nPAUSEWANG, Gudrun: Die Wolke (23 B\u00fccher)<br \/>\nPAUSEWANG,Gudrun: MRAK (10 B\u00fccher NR. M1 -M 10) &#8212;(\u201eDie Wolke\u201c in tschechischer Sprache)<\/p>\n","protected":false},"excerpt":{"rendered":"<p>1. BENZ, Doris: LebensWasser 2. BRUCKNER, Karl: Sadako will leben 3. DRUON, Maurice: Tistou mit den gr\u00fcnen Daumen 4. ENDE, Michael: Der satanarch\u00e4ol\u00fcgenialklh\u00f6llisch Wunschpunsch 5. GABEL, Wolfgang: Katastrophen\u00fcbung 7. HETMANN, Frederik \/ TONDERN, Harald: Die Rache der Raben 8. HEYNE, &hellip; <a href=\"https:\/\/www.muettergegenatomgefahr.at\/?page_id=195\">Weiterlesen <span class=\"meta-nav\">&rarr;<\/span><\/a><\/p>\n","protected":false},"author":2,"featured_media":0,"parent":0,"menu_order":0,"comment_status":"open","ping_status":"open","template":"","meta":{"footnotes":""},"class_list":["post-195","page","type-page","status-publish","hentry"],"_links":{"self":[{"href":"https:\/\/www.muettergegenatomgefahr.at\/index.php?rest_route=\/wp\/v2\/pages\/195","targetHints":{"allow":["GET"]}}],"collection":[{"href":"https:\/\/www.muettergegenatomgefahr.at\/index.php?rest_route=\/wp\/v2\/pages"}],"about":[{"href":"https:\/\/www.muettergegenatomgefahr.at\/index.php?rest_route=\/wp\/v2\/types\/page"}],"author":[{"embeddable":true,"href":"https:\/\/www.muettergegenatomgefahr.at\/index.php?rest_route=\/wp\/v2\/users\/2"}],"replies":[{"embeddable":true,"href":"https:\/\/www.muettergegenatomgefahr.at\/index.php?rest_route=%2Fwp%2Fv2%2Fcomments&post=195"}],"version-history":[{"count":6,"href":"https:\/\/www.muettergegenatomgefahr.at\/index.php?rest_route=\/wp\/v2\/pages\/195\/revisions"}],"predecessor-version":[{"id":253,"href":"https:\/\/www.muettergegenatomgefahr.at\/index.php?rest_route=\/wp\/v2\/pages\/195\/revisions\/253"}],"wp:attachment":[{"href":"https:\/\/www.muettergegenatomgefahr.at\/index.php?rest_route=%2Fwp%2Fv2%2Fmedia&parent=195"}],"curies":[{"name":"wp","href":"https:\/\/api.w.org\/{rel}","templated":true}]}}