{"id":2,"date":"2011-04-03T19:31:15","date_gmt":"2011-04-03T19:31:15","guid":{"rendered":"http:\/\/www.muettergegenatomgefahr.at\/?page_id=2"},"modified":"2023-08-15T15:47:00","modified_gmt":"2023-08-15T13:47:00","slug":"beispiel-seite","status":"publish","type":"page","link":"https:\/\/www.muettergegenatomgefahr.at\/?page_id=2","title":{"rendered":"mga freistadt"},"content":{"rendered":"<p><span style=\"color: #993300;\">Was im Jahr 1991 auf Initiative einiger Freist\u00e4dter Frauen als offene Interessengruppe begann, hat sich bald im engagierten, \u00fcberparteilichen Verein &#8222;M\u00fctter gegen Atomgefahr &#8211; Freistadt&#8220; etabliert.<\/span><\/p>\n<p><span style=\"color: #993300;\">Wir f\u00fchlen uns vor allem in unserer Aufgabe als M\u00fctter verantwortlich und verpflichtet, uns gegen die Gefahren der Atomenergie zu wehren und f\u00fcr die Nutzung umweltvertr\u00e4glicher Energieformen einzutreten. <\/span><span style=\"color: #993300;\">Kinder brauchen uns nicht nur als M\u00fctter und V\u00e4ter im Verband der Familie, sie brauchen uns auch als Sprachrohr und Vertretung in Politik und Gesellschaft. Wir sehen es also als unsere Pflicht, auch \u00f6ffentlich f\u00fcr eine lebenswerte, atomkraftfreie Zukunft unserer Kinder einzutreten.<\/span><\/p>\n<p><span style=\"color: #993300;\">Unser Verein setzt sich aus f\u00f6rdernden und aktiven Mitgliedern zusammen. Gro\u00dfen Wert legen wir auf die demokratische Struktur unseres Vereins ohne hierarchischen Aufbau.<br \/>\n<\/span><\/p>\n<p><span style=\"color: #993300;\">Der Sitz des Vereins ist die Adresse der jeweiligen Obfrau, die vom Vorstand f\u00fcr die Dauer von f\u00fcnf Jahren bestellt wird.<\/span><\/p>\n<p><span style=\"color: #800000;\"><span style=\"color: #993300;\">Kontakt:<\/span> <\/span><\/p>\n<p><span style=\"color: #993300;\">Gabriele Schweiger\u00a0 \u00a0\u00a0 St. &#8211; Peter &#8211; Stra\u00dfe 11\u00a0 \u00a0\u00a0 4240 Freistadt<br \/>\ntel. ++43680\/33 33 625<\/span>\u00a0\u00a0\u00a0\u00a0 \u00a0\u00a0 \u00a0 \u00a0 <a href=\"mailto:schweigab@gmail.com\">E-Mail<\/a>\u00a0 \u00a0 \u00a0\u00a0 \u00a0\u00a0 <span style=\"color: #993300;\">ZVR.: 412949565<\/span><\/p>\n<h5><span style=\"color: #800000;\">Spendenkonto f\u00fcr M\u00fctter gegen Atomgefahr: <\/span><br \/>\n<span style=\"color: #800000;\"><span id=\"gmail-overlay-kontoDetails:overlayForm:iban\" class=\"gmail-iban\"><span class=\"gmail-block\">AT48 4480 0407 5198 0000<\/span><\/span>, VBOEATWWOOE\u00a0<\/span><\/h5>\n<p>&nbsp;<\/p>\n<p>&nbsp;<\/p>\n","protected":false},"excerpt":{"rendered":"<p>Was im Jahr 1991 auf Initiative einiger Freist\u00e4dter Frauen als offene Interessengruppe begann, hat sich bald im engagierten, \u00fcberparteilichen Verein &#8222;M\u00fctter gegen Atomgefahr &#8211; Freistadt&#8220; etabliert. Wir f\u00fchlen uns vor allem in unserer Aufgabe als M\u00fctter verantwortlich und verpflichtet, uns &hellip; <a href=\"https:\/\/www.muettergegenatomgefahr.at\/?page_id=2\">Weiterlesen <span class=\"meta-nav\">&rarr;<\/span><\/a><\/p>\n","protected":false},"author":2,"featured_media":0,"parent":0,"menu_order":0,"comment_status":"closed","ping_status":"open","template":"","meta":{"footnotes":""},"class_list":["post-2","page","type-page","status-publish","hentry"],"_links":{"self":[{"href":"https:\/\/www.muettergegenatomgefahr.at\/index.php?rest_route=\/wp\/v2\/pages\/2","targetHints":{"allow":["GET"]}}],"collection":[{"href":"https:\/\/www.muettergegenatomgefahr.at\/index.php?rest_route=\/wp\/v2\/pages"}],"about":[{"href":"https:\/\/www.muettergegenatomgefahr.at\/index.php?rest_route=\/wp\/v2\/types\/page"}],"author":[{"embeddable":true,"href":"https:\/\/www.muettergegenatomgefahr.at\/index.php?rest_route=\/wp\/v2\/users\/2"}],"replies":[{"embeddable":true,"href":"https:\/\/www.muettergegenatomgefahr.at\/index.php?rest_route=%2Fwp%2Fv2%2Fcomments&post=2"}],"version-history":[{"count":16,"href":"https:\/\/www.muettergegenatomgefahr.at\/index.php?rest_route=\/wp\/v2\/pages\/2\/revisions"}],"predecessor-version":[{"id":1821,"href":"https:\/\/www.muettergegenatomgefahr.at\/index.php?rest_route=\/wp\/v2\/pages\/2\/revisions\/1821"}],"wp:attachment":[{"href":"https:\/\/www.muettergegenatomgefahr.at\/index.php?rest_route=%2Fwp%2Fv2%2Fmedia&parent=2"}],"curies":[{"name":"wp","href":"https:\/\/api.w.org\/{rel}","templated":true}]}}