{"id":23,"date":"2011-04-04T22:24:52","date_gmt":"2011-04-04T20:24:52","guid":{"rendered":"http:\/\/www.muettergegenatomgefahr.at\/?page_id=23"},"modified":"2011-05-24T11:13:30","modified_gmt":"2011-05-24T09:13:30","slug":"atomenergie-kritisch-betrachtet","status":"publish","type":"page","link":"https:\/\/www.muettergegenatomgefahr.at\/?page_id=23","title":{"rendered":"#  ATOMENERGIE KRITISCH BETRACHTET"},"content":{"rendered":"<p><!--more--><\/p>\n<p>1. THE ATOMIC CAFE<\/p>\n<p>Kaum glaubliche Stilbl\u00fcten amerikanischer Atompropaganda aus der Zeit des kalten Krieges. Eine brilliante Collage &#8211; lustig, informativ und wahr.<br \/>\n&#8222;The Atomic Cafe&#8220; ist ein aus Werbe- und Propagandafilmen der 40er und 50er Jahre zusammengestellter Dokumentarfilm \u00fcber die Informationspolitik der amerikanischen Milit\u00e4rbeh\u00f6rden. Es geht um die Zerst\u00f6rungskraft von Atomwaffen. Kommentarlos werden sorgsam ausgew\u00e4hlte Ausschnitte aus Regierungsberichten, Wochenschauen, Fernseh- und Radiosendungen, Schulungsfilmen und Cartoons in einer satirischen Collage zusammengestellt. Die Methoden, mit denen zur Zeit des Kalten Krieges gearbeitet wurde, werden entlarvt.<br \/>\nEin Film von Kevin Rafferty, Jayne Loader und Pierce Rafferty<\/p>\n<p>Kommentar mga: ein Klassiker, eine fr\u00fche Bl\u00fcte der unfreiwilligen, makabren Komik, als die sich all zu oft Propagandafilme der M\u00e4chtigen &#8211; in diesem Fall der USA &#8211; entpuppen. Stichwort &#8222;duck and cover&#8220; als Ma\u00dfnahme gegen den &#8222;Atomblitz&#8220;&#8230;<\/p>\n<p>2. DAS ATOMZEITALTER<\/p>\n<p>&#8222;6.August 1945, 8 Uhr, 15 Min., 17 Sec.: \u00fcber Hiroshima wird die 1. Bombe abgeworfen. Der Mensch hat das Tor zur H\u00f6lle aufgesto\u00dfen: eine Stadt vergl\u00fcht in einem gewaltigen Feuerball, innerhalb weniger Sekunden sterben 100.000 Menschen! Im November 1952 wird mit der Z\u00fcndung der ersten Wasserstoffbombe die Zeit des Overkills eingel\u00e4utet. Da\u00df auch die sog. friedliche Nutzung der Kernenergie nur eine Illusion ist, wissen wir sp\u00e4testens seit dem 26. April 1986, seit dem GAU von Tschernobyl. \u00dcber 50.000 Atomsprengk\u00f6pfe und mehr als 400 Kernkraftwerke! Wie konnte es soweit kommen? Der Film zeichnet den Weg der Wissenschaftler, Gener\u00e4le und Politiker, von Otto Hahns erster Kernspaltung, von Einsteins Brief an Pr\u00e4sident Roosevelt, die &#8222;A&#8220;- und &#8222;H&#8220;- Bombentests bis zur Katastrophe von Tschernobyl. Welchen Ausweg hat die Menschheit?&#8220;<br \/>\nDeutschland 1994, 70 min Klaus Kamphausen<\/p>\n<p>3. HIROSHIMA &#8211; DIE NUKLEARE BEDROHUNG<\/p>\n<p>August 1945, 8.15 Uhr Ortszeit. Hiroshima. Der Himmel leicht dunstig. Zeitzeuge Karl Luhmer, Jesuitenpater, damals 26, war vier Kilometer vom Explosionszentrum entfernt: &#8222;Ich sah den Feuerball \u00fcber der Stadt, rot, gelb, violett, glei\u00dfend, blendend, die pilzf\u00f6rmige Wolke, dann kam der Feuersturm und danach der schwarze Regen.&#8220;<br \/>\nDeutschland, 1999, 44 min Bernd Dost<\/p>\n<p>4. UNRANBERGBAU  DER HEIMLICHE SUPERGAU<\/p>\n<p>Dass schon beim Abbau des f\u00fcr Kernkrafterzeugung notwendigen Rohstoffes Uran betr\u00e4chtliche Umweltsch\u00e4den entstehen, ist eine der bestverdr\u00e4ngte Tatsachen. Die Lobby wei\u00df, warum&#8230; In dieser Dokumentation geht es um Uranbergbau in der ehemaligen DDR, Namibia, Kanada und Australien. Und sie beleuchtet die Auswirkungen auf die Arbeiter, die Bev\u00f6lkerung sowie auf die Sch\u00e4den f\u00fcr Umwelt und regionale Wirtschaft.<br \/>\nDeutschland 1991, 30 Minuten<\/p>\n<p>5. MIT FREUNDLICHER EMPFEHLUNG: DER STRAHLENTOD<\/p>\n<p>Dokumentation von Mycle Schneider (WISE-Paris) \u00fcber die &#8222;unabh\u00e4ngige&#8220; ICRP (Internation Comission for Radion Protection) und die Folgen der Niedrigstrahlung am Beispiel der Elbmarsch, Deutschland<br \/>\nD 1995 30 min<\/p>\n<p>6. OST REAKTOREN<\/p>\n<p>Ein TV- Bericht \u00fcber die Sicherheit von so genannten Ostreaktoren Dukovany, Bohunice, Ignalina, Kozloduy<br \/>\nDeutschland 1992, 30min<\/p>\n<p>7. KOZLODUY<\/p>\n<p>Schockierende Dokumentation \u00fcber die Sicherheitsm\u00e4ngel im AKW Kozloduy , Bulgarien.<br \/>\nDeutschland 1996, 30min<\/p>\n<p>8. ALBTRAUM ATOMM\u00dcLL<\/p>\n<p>Auf die zunehmende Angst vor den Folgen der Erderw\u00e4rmung reagieren Industrielle und manche Politiker mit dem Wundermittel Atomenergie: eine saubere und kontrollierbare Energie ohne sch\u00e4dliche Auswirkungen auf Mensch und Umwelt, die sogar zur nachhaltigen Entwicklung beitr\u00e4gt. Aber ist sie wirklich so sauber, wie man uns weismachen will?<\/p>\n<p class=\"MsoNormal\">&nbsp;<\/p>\n<p><!--more--><\/p>\n<div class=\"text\">\n<p class=\"MsoNormal\"><!--more--><\/p>\n<\/div>\n<div class=\"text\">\n<p class=\"MsoNormal\">&nbsp;<\/p>\n<\/div>\n<p>&nbsp;<\/p>\n<p>&nbsp;<\/p>\n","protected":false},"excerpt":{"rendered":"","protected":false},"author":2,"featured_media":0,"parent":21,"menu_order":0,"comment_status":"closed","ping_status":"closed","template":"","meta":{"footnotes":""},"class_list":["post-23","page","type-page","status-publish","hentry"],"_links":{"self":[{"href":"https:\/\/www.muettergegenatomgefahr.at\/index.php?rest_route=\/wp\/v2\/pages\/23","targetHints":{"allow":["GET"]}}],"collection":[{"href":"https:\/\/www.muettergegenatomgefahr.at\/index.php?rest_route=\/wp\/v2\/pages"}],"about":[{"href":"https:\/\/www.muettergegenatomgefahr.at\/index.php?rest_route=\/wp\/v2\/types\/page"}],"author":[{"embeddable":true,"href":"https:\/\/www.muettergegenatomgefahr.at\/index.php?rest_route=\/wp\/v2\/users\/2"}],"replies":[{"embeddable":true,"href":"https:\/\/www.muettergegenatomgefahr.at\/index.php?rest_route=%2Fwp%2Fv2%2Fcomments&post=23"}],"version-history":[{"count":15,"href":"https:\/\/www.muettergegenatomgefahr.at\/index.php?rest_route=\/wp\/v2\/pages\/23\/revisions"}],"predecessor-version":[{"id":46,"href":"https:\/\/www.muettergegenatomgefahr.at\/index.php?rest_route=\/wp\/v2\/pages\/23\/revisions\/46"}],"up":[{"embeddable":true,"href":"https:\/\/www.muettergegenatomgefahr.at\/index.php?rest_route=\/wp\/v2\/pages\/21"}],"wp:attachment":[{"href":"https:\/\/www.muettergegenatomgefahr.at\/index.php?rest_route=%2Fwp%2Fv2%2Fmedia&parent=23"}],"curies":[{"name":"wp","href":"https:\/\/api.w.org\/{rel}","templated":true}]}}