{"id":29,"date":"2011-04-04T22:30:27","date_gmt":"2011-04-04T20:30:27","guid":{"rendered":"http:\/\/www.muettergegenatomgefahr.at\/?page_id=29"},"modified":"2011-05-24T11:19:49","modified_gmt":"2011-05-24T09:19:49","slug":"schwerpunkt-erneuerbare-energien","status":"publish","type":"page","link":"https:\/\/www.muettergegenatomgefahr.at\/?page_id=29","title":{"rendered":"#  ERNEUERBARE ENERGIEN"},"content":{"rendered":"<p>CD-ROM<\/p>\n<p>1) Die Energiespar CD: Der Leitfaden f\u00fcr H\u00e4uslbauer, Althaussanierer und Energiesparer,<\/p>\n<p>2) Hei\u00dfes Thema: KLIMA<\/p>\n<p>3) Mein \u00d6kotraumhaus &#8211; bauen und wohnen mit der Sonne (Sonnenzeitung interaktiv)<\/p>\n<p>DVD<\/p>\n<p>1. Ins Herz der Zukunft: Unterwegs zur Nachhaltigkeit<br \/>\nEin kunstvoll verwobenes und stellenweise urkomisches Gesamtkunstwerk, das sich dem Thema Nachhaltigkeit auf ungew\u00f6hnliche, experimentelle und spannende Weise n\u00e4hert.<\/p>\n<p>2. Die titanische Vision: Energie f\u00fcr die Zukunft<br \/>\nDer Film verkn\u00fcpft in erstklassigen Bildern die Energie-Geschichte des Menschen mit der griechischen Mythologie.<\/p>\n<p>3. Die endlose Quelle: Solarenergie<br \/>\nDie Faszination des Weges weg von der pyromanen Energieversorgung hin zur solaren Weltwirtschaft vermittelt der Film mit Aufnahmen aus der Schweiz, USA, Schweden, Spanien, \u00d6sterreich und Deutschland<\/p>\n<p>4. Das Erbe der Urzeit: Kohle, \u00d6l, Gas<br \/>\nDie Nutzung fossiler Energien bedroht das Weltklima, Wissenschaftler wagen Prognosen \u00fcber die Zukunft von Kohle, \u00d6l und Gas.<\/p>\n<p>5. Die Strategie der Erneuerung: Biomasse<br \/>\nMit 9 Beispielen stellen Carl-A. Fechner und sein Team mit europaweitem Blick die gigantischen Zukunftsm\u00f6glichkeiten der Nutzung von Biomasse dar.<\/p>\n<p>6. Der ewige Kreislauf: Wasserkraft<br \/>\nWasserkraft liefert die h\u00f6chstm\u00f6gliche Stromausbeute. Gro\u00dfe Staudammprojekte aber geraten immer wieder in die Kritik, denn oft werden einzigartige Landschaften zerst\u00f6rt.<\/p>\n<p>7. Die geheimnisvolle Kraft: Kernenergie<br \/>\nIm Inneren der Atome schlummern unvorstellbare Energiemengen. Sp\u00e4testens Tschernobyl machte jedoch bewusst, dass Sicherheits- und M\u00fcllprobleme der Atomkraftnutzung lange Zeit untersch\u00e4tzt wurden.<\/p>\n<p>8. Die sanfte Gewalt: Windenergie<br \/>\nDie Windenergiebranche boomt. Doch an Windenergie-Projekten scheiden sich oft die Geister.<\/p>\n<p>9. Die neue Power: Erneuerbare Energien in Europa<br \/>\nIn einer einzigartigen Reise durch Europa zeichnet Die neue Power ein pr\u00e4zises Bild von der bahnbrechenden M\u00f6glichkeit neuer und unersch\u00f6pflicher Energie aus Biomasse, Wind, Geothermie, Wasser und Sonne.<\/p>\n<p>10. Strom aus der Sonne: Fotovoltaik<br \/>\nWelche M\u00f6glichkeiten schafft die neue Technik? Welche Auswirkungen bietet sie f\u00fcr die Menschen hier und in der sogenannten Dritten Welt?<\/p>\n<p>11. W\u00e4rme, die aus der Sonne kommt: Ein Solarthermisches Praktikum<br \/>\nViele Solarinteressierte haben oft noch Fragen: Rentieren sie sich auch finanziell? Sind Solaranlagen technisch ausgereift, oder muss noch geforscht werden? Fachleute und Wissenschaftler geben Antworten auf diese und andere Fragen.<\/p>\n<p>12. Kraft aus der Sonne: Biomasse als Energietr\u00e4ger<br \/>\nKraft aus der Sonne, gedreht in 5 L\u00e4ndern, ist eine Reise in eine neue Welt: die industrielle Nutzung von erneuerbaren Energien.<\/p>\n<p>13. Der Stoff aus dem die Zukunft ist: Energie aus Wasserstoff<br \/>\nWasserstoff ist erst dann &#8222;clean energy&#8220;, wenn er solar und regenerativ erzeugt wird. Wie das geht, zeigt die Dokumentation mit atemberaubenden Aufnahmen von den Solarzentren dieser Welt.<\/p>\n<p>14. DIE VIERTE REVOLUTION &#8211; ENERGY AUTONOMY<\/p>\n<p>Der Dokumentarfilm <strong>DIE 4. REVOLUTION \u2013 ENERGY AUTONOMY<\/strong> von Carl-A. Fechner steht f\u00fcr eine mitrei\u00dfende Vision: Eine Welt-Gemeinschaft, deren Energieversorgung zu 100 Prozent aus erneuerbaren Quellen gespeist ist \u2013 f\u00fcr jeden erreichbar, bezahlbar und sauber. Eine globale Umstrukturierung, die Machtverh\u00e4ltnisse neu ordnet und Kapital gerechter verteilt, k\u00f6nnte jetzt beginnen. Wir m\u00fcssen es nur tun! http:\/\/www.4-revolution.de\/<\/p>\n","protected":false},"excerpt":{"rendered":"<p>CD-ROM 1) Die Energiespar CD: Der Leitfaden f\u00fcr H\u00e4uslbauer, Althaussanierer und Energiesparer, 2) Hei\u00dfes Thema: KLIMA 3) Mein \u00d6kotraumhaus &#8211; bauen und wohnen mit der Sonne (Sonnenzeitung interaktiv) DVD 1. Ins Herz der Zukunft: Unterwegs zur Nachhaltigkeit Ein kunstvoll verwobenes &hellip; <a href=\"https:\/\/www.muettergegenatomgefahr.at\/?page_id=29\">Weiterlesen <span class=\"meta-nav\">&rarr;<\/span><\/a><\/p>\n","protected":false},"author":2,"featured_media":0,"parent":0,"menu_order":0,"comment_status":"closed","ping_status":"closed","template":"","meta":{"footnotes":""},"class_list":["post-29","page","type-page","status-publish","hentry"],"_links":{"self":[{"href":"https:\/\/www.muettergegenatomgefahr.at\/index.php?rest_route=\/wp\/v2\/pages\/29","targetHints":{"allow":["GET"]}}],"collection":[{"href":"https:\/\/www.muettergegenatomgefahr.at\/index.php?rest_route=\/wp\/v2\/pages"}],"about":[{"href":"https:\/\/www.muettergegenatomgefahr.at\/index.php?rest_route=\/wp\/v2\/types\/page"}],"author":[{"embeddable":true,"href":"https:\/\/www.muettergegenatomgefahr.at\/index.php?rest_route=\/wp\/v2\/users\/2"}],"replies":[{"embeddable":true,"href":"https:\/\/www.muettergegenatomgefahr.at\/index.php?rest_route=%2Fwp%2Fv2%2Fcomments&post=29"}],"version-history":[{"count":10,"href":"https:\/\/www.muettergegenatomgefahr.at\/index.php?rest_route=\/wp\/v2\/pages\/29\/revisions"}],"predecessor-version":[{"id":248,"href":"https:\/\/www.muettergegenatomgefahr.at\/index.php?rest_route=\/wp\/v2\/pages\/29\/revisions\/248"}],"wp:attachment":[{"href":"https:\/\/www.muettergegenatomgefahr.at\/index.php?rest_route=%2Fwp%2Fv2%2Fmedia&parent=29"}],"curies":[{"name":"wp","href":"https:\/\/api.w.org\/{rel}","templated":true}]}}