{"id":47,"date":"2011-04-04T23:26:22","date_gmt":"2011-04-04T21:26:22","guid":{"rendered":"http:\/\/www.muettergegenatomgefahr.at\/?page_id=47"},"modified":"2011-04-04T23:41:00","modified_gmt":"2011-04-04T21:41:00","slug":"widerstand-die-anti-akw-bewegung","status":"publish","type":"page","link":"https:\/\/www.muettergegenatomgefahr.at\/?page_id=47","title":{"rendered":"#  WIDERSTAND!! DIE ANTI-AKW-BEWEGUNG"},"content":{"rendered":"<p>Dokumentationen einer B\u00fcrgerbewegung<\/p>\n<p>1. AUSGESTRAHLT    X-TAUSENDMAL QUER IN GORLEBEN<\/p>\n<p>Sind Atomkraftgegner ignorant? Oder militant? Sind Polizisten ihre Gegner? Erstmals gelingt eine filmisch beeindruckende Dokumentation, die sich hautnah in die Widerstandsbewegung gegen den Castor-Transport begibt.<br \/>\nF\u00fcnf Tage und N\u00e4chte lang beobachtet das fechnerMEDIA-Team die Proteste. Die Kraft wird sp\u00fcrbar, die 9000 Menschen dazu bef\u00e4higte, in bitterer K\u00e4lte einem riesigen Polizeiaufgebot zu widerstehen.<br \/>\nEin mutmachender Film zu kreativem Widerstand, heute notwendiger denn je.<\/p>\n<p>Film von Carl-A. Fechner (1997), 40 Min.<\/p>\n<p>2. AKWS ABSCHALTEN! WILLKOMMEN IN DER STRAHLENDEN ZUKUNFT<\/p>\n<p>Atomstrom aus Frankreich? Das hei\u00dft Uranabbau im Niger, merkw\u00fcrdige Arbeitsbedingungen in den AKWs und keine sichere Entsorgung des strahlenden M\u00fclls: &#8222;eine kritische Dokumentation \u00fcber die verschiedenen Etappen der atomaren Kette.&#8220; Es geht um die Wiederaufarbeitung in La Hague, um die Verbindung zwischen zivilem und milit\u00e4rischem Nutzen der Atomenergie, um die Gefahren, die mit dem Transport radioaktiver Materialien verbunden sind, und um die &#8222;neue&#8220; Generation von Atomreaktoren, die jetzt von Deutschland und Frankreich entwickelt wird: den &#8222;European Pressurised Reactor&#8220; und \u00fcber Erneuerbare Energien als echte Alternative, Strom nachhaltig zu produzieren.<br \/>\nIm Fr\u00fchjahr 2004 war die &#8222;Tour de France f\u00fcr den Atomausstieg&#8220; einen Monat lang in Frankreich unterwegs und hat an den verschiedenen Stationen der Urankette haltgemacht. Mit 40 Menschen, Stra\u00dfentheater und klassischem Theater, einer Ausstellung \u00fcber Erneuerbare Energien und mit vielen Aktionen hat die Tour Aufmerksamkeit erregt und das Thema Atomenergie erneut in die \u00f6ffentliche Diskussion gebracht. Die Dokumentation &#8222;Willkommen in der Strahlenden Zukunft&#8220; (Bienvenue dans un Futur Radieux) ist w\u00e4hrend der Tour gedreht worden und bietet einen ausf\u00fchrlichen \u00dcberblick \u00fcber das Atomgesch\u00e4ft in Frankreich, aber auch \u00fcber alternative Wege der Energieerzeugung.<br \/>\nFranz\u00f6sisch mit deutschen Untertiteln. 45 Minuten<\/p>\n<p>3. WIDERSTAND IST MACHBAR &#8211; \u00dcBERALL<\/p>\n<p>Was Sie schon immer \u00fcber den Widerstand gegen Atomm\u00fcll wissen wollten, sich aber nie zu fragen trauten.<br \/>\nWieso entscheidet sich ein Grundschuldirektor f\u00fcr die Besetzung von  Turnhallen?<br \/>\nWeshalb beteiligt sich eine Religionslehrerin u.a. an einer  Schmierseifenaktion, um eine Stra\u00dfe unpassierbar zu machen?<br \/>\nWarum gehen \u00e4ltere Menschen, die sich zur &#8222;Initiative &#8217;60&#8220; zusammengeschlossen haben gemeinsam zum Protest auf die Stra\u00dfe und warum f\u00e4hrt eine Schuhverk\u00e4uferin auf dem Motorrad z.B. als Kurierin durch das Wendland? Wer nicht danach fragt bleibt dumm&#8230;..<\/p>\n<p>Dieser Film ist ein Interviewportrait in dem &#8222;stinknormale&#8220; B\u00fcrger sowie Mitglieder von B\u00fcrgerinitiativen erz\u00e4hlen warum und in welcher Form sie sich aktiv am Widerstand beteiligt haben um den 3. Castor-Transport von Neckarwestheim ins Zwischenlager von Gorleben zu verhindern. Sie berichten seit wann sie im Widerstand sind und was sie zu ihrem Engagement dr\u00e4ngt:<\/p>\n<p>Das Bewusstsein \u00fcber die t\u00f6dliche Gefahr, die von Atomm\u00fcll ausgeht. Das Wissen dar\u00fcber, dass &#8211; egal wie sicher ein AKW ist &#8211; der M\u00fcll, der nicht entsorgt werden kann das Problem ist und es auf der ganzen Welt keine M\u00f6glichkeit gibt Atomm\u00fcll sicher zu lagern. Diese Menschen leisten nicht Widerstand gegen einen Transport oder ein Zwischenlager vor ihrer Haust\u00fcr. Ihnen ist klar, dass die gelagerten Castoren durch die Naturzuk\u00fchlung schon jetzt Strahlung an die Umwelt abgeben und undichte Lagerhalle eine Strahlenkatastrophe ausl\u00f6sen w\u00fcrden. Diese Menschen m\u00f6chten jeden ermutigen sich in den Widerstand einzureihen, um den Irrsinn zu stoppen, der heute von der Atomwirtschaft betrieben wird, aber noch Generationen nach uns bedroht. Wie Widerstand machbar ist, bleibt dabei kein Geheimnis. Das Risiko kriminalisiert zu werden wird als geringf\u00fcgig betrachtet gegen\u00fcber dem Risiko verstrahlt zu werden.<\/p>\n<p>4. SPALTPROZESSE<\/p>\n<p>Spaltprozesse kennzeichnet das Leben in der Oberpfalz. Spaltprozesse vollziehen sich unter den Menschen in der l\u00e4ndlichen Region um die geplante Wiederaufarbeitungsanlage (WAA): Ein Kind malt Demonstranten, die Polizisten gegen\u00fcberstehen. Molotowcocktails und Gasgranaten, schie\u00dfende Hubschrauber \u00fcber Natodrahtzaun. Ungew\u00f6hnliche Themen f\u00fcr Kindererziehung. Seit Bekanntwerden des endg\u00fcltigen Standorts der WAA am 4. Februar 1985 haben viele Oberpf\u00e4lzer ihre gewohnten Bahnen verlassen. Dieser Film er\u00f6ffnet in der Kontinuit\u00e4t und Themenvielfalt einen tiefen Einblick in landschaftliche, \u00f6kologische Zerst\u00f6rung, schildert die mit dem Bau einer WAA verkn\u00fcpften atompolitischen Absichten, verdeutlicht die Gef\u00e4hrdung der Bev\u00f6lkerung durch radioaktive Schadstoff-Emissionen. Dabei stehen die bedrohten Menschen der Region in ihren pers\u00f6nlichen Ver\u00e4nderungsprozessen eindeutig im Vordergrund, was \u00fcber die N\u00e4he zu ihnen sp\u00fcrbar wird. Ehemals staatsgl\u00e4ubige B\u00fcrger wandeln sich in zaghafte Radikale. Beamtinnen, Hausfrauen, M\u00fctter zeigen ein politisches und gesellschaftliches Verantwortungsbewusstsein, das \u00fcber ihre anf\u00e4ngliche Emp\u00f6rung weit hinausreicht. M\u00e4nner in lokalen Honoratorienstellungen scheuen weder offene Worte noch aktive Solidarit\u00e4t mit &#8222;Chaoten&#8220; bei CS-Gaseins\u00e4tzen am Bauzaun. Menschen \u00e4u\u00dfern ihre ohnm\u00e4chtige und k\u00e4mpferische Wut bei sich zu Hause, wie auch Auge in Auge mit bewaffneten, schildbewehrten Polizisten inmitten von b\u00fcrgerkriegs\u00e4hnlichen Auseinandersetzungen.<br \/>\nBRD 1987, 96 Min.<\/p>\n","protected":false},"excerpt":{"rendered":"<p>Dokumentationen einer B\u00fcrgerbewegung 1. AUSGESTRAHLT X-TAUSENDMAL QUER IN GORLEBEN Sind Atomkraftgegner ignorant? Oder militant? Sind Polizisten ihre Gegner? Erstmals gelingt eine filmisch beeindruckende Dokumentation, die sich hautnah in die Widerstandsbewegung gegen den Castor-Transport begibt. F\u00fcnf Tage und N\u00e4chte lang beobachtet &hellip; <a href=\"https:\/\/www.muettergegenatomgefahr.at\/?page_id=47\">Weiterlesen <span class=\"meta-nav\">&rarr;<\/span><\/a><\/p>\n","protected":false},"author":2,"featured_media":0,"parent":0,"menu_order":0,"comment_status":"open","ping_status":"open","template":"","meta":{"footnotes":""},"class_list":["post-47","page","type-page","status-publish","hentry"],"_links":{"self":[{"href":"https:\/\/www.muettergegenatomgefahr.at\/index.php?rest_route=\/wp\/v2\/pages\/47","targetHints":{"allow":["GET"]}}],"collection":[{"href":"https:\/\/www.muettergegenatomgefahr.at\/index.php?rest_route=\/wp\/v2\/pages"}],"about":[{"href":"https:\/\/www.muettergegenatomgefahr.at\/index.php?rest_route=\/wp\/v2\/types\/page"}],"author":[{"embeddable":true,"href":"https:\/\/www.muettergegenatomgefahr.at\/index.php?rest_route=\/wp\/v2\/users\/2"}],"replies":[{"embeddable":true,"href":"https:\/\/www.muettergegenatomgefahr.at\/index.php?rest_route=%2Fwp%2Fv2%2Fcomments&post=47"}],"version-history":[{"count":3,"href":"https:\/\/www.muettergegenatomgefahr.at\/index.php?rest_route=\/wp\/v2\/pages\/47\/revisions"}],"predecessor-version":[{"id":62,"href":"https:\/\/www.muettergegenatomgefahr.at\/index.php?rest_route=\/wp\/v2\/pages\/47\/revisions\/62"}],"wp:attachment":[{"href":"https:\/\/www.muettergegenatomgefahr.at\/index.php?rest_route=%2Fwp%2Fv2%2Fmedia&parent=47"}],"curies":[{"name":"wp","href":"https:\/\/api.w.org\/{rel}","templated":true}]}}